{"id":8167,"date":"2017-07-12T09:09:34","date_gmt":"2017-07-12T09:09:34","guid":{"rendered":"https:\/\/www.araozyrueda.com\/?page_id=8167\/"},"modified":"2018-05-09T14:38:39","modified_gmt":"2018-05-09T14:38:39","slug":"blog","status":"publish","type":"page","link":"https:\/\/www.araozyrueda.com\/en\/news\/blog\/","title":{"rendered":"Blog"},"content":{"rendered":"<p>[vc_row rt_row_background_width=&#8221;default&#8221; rt_row_style=&#8221;default-style&#8221; rt_row_borders=&#8221;&#8221; rt_row_paddings=&#8221;true&#8221; rt_bg_effect=&#8221;classic&#8221; rt_bg_image_repeat=&#8221;repeat&#8221; rt_bg_size=&#8221;cover&#8221; rt_bg_position=&#8221;right top&#8221; rt_bg_attachment=&#8221;scroll&#8221; rt_bg_video_format=&#8221;self-hosted&#8221; rt_padding_left=&#8221;0&#8243; rt_padding_right=&#8221;0&#8243;][vc_column width=&#8221;1\/3&#8243; rt_bg_image_repeat=&#8221;repeat&#8221; rt_bg_size=&#8221;auto auto&#8221; rt_bg_attachment=&#8221;scroll&#8221;][vc_wp_custommenu nav_menu=&#8221;102&#8243; el_class=&#8221;menu-noticias&#8221;][\/vc_column][vc_column width=&#8221;2\/3&#8243; rt_bg_image_repeat=&#8221;repeat&#8221; rt_bg_size=&#8221;auto auto&#8221; rt_bg_attachment=&#8221;scroll&#8221;][blog_box list_layout=&#8221;1\/1&#8243; layout_style=&#8221;grid&#8221; use_excerpts=&#8221;true&#8221; pagination=&#8221;true&#8221; ajax_pagination=&#8221;&#8221; list_orderby=&#8221;date&#8221; list_order=&#8221;DESC&#8221; categories=&#8221;161&#8243; show_date=&#8221;true&#8221; show_author=&#8221;false&#8221; show_categories=&#8221;false&#8221; show_comment_numbers=&#8221;true&#8221; featured_image_resize=&#8221;true&#8221; featured_image_max_width=&#8221;0&#8243; featured_image_max_height=&#8221;0&#8243; featured_image_crop=&#8221;false&#8221;][\/vc_column][\/vc_row]<\/p>\n","protected":false},"excerpt":{"rendered":"<p>[vc_row rt_row_background_width=&#8221;default&#8221; rt_row_style=&#8221;default-style&#8221; rt_row_borders=&#8221;&#8221; rt_row_paddings=&#8221;true&#8221; rt_bg_effect=&#8221;classic&#8221; rt_bg_image_repeat=&#8221;repeat&#8221; rt_bg_size=&#8221;cover&#8221; rt_bg_position=&#8221;right top&#8221; rt_bg_attachment=&#8221;scroll&#8221; rt_bg_video_format=&#8221;self-hosted&#8221; rt_padding_left=&#8221;0&#8243; rt_padding_right=&#8221;0&#8243;][vc_column width=&#8221;1\/3&#8243; rt_bg_image_repeat=&#8221;repeat&#8221; rt_bg_size=&#8221;auto auto&#8221; rt_bg_attachment=&#8221;scroll&#8221;][vc_wp_custommenu nav_menu=&#8221;102&#8243; el_class=&#8221;menu-noticias&#8221;][\/vc_column][vc_column width=&#8221;2\/3&#8243; rt_bg_image_repeat=&#8221;repeat&#8221; rt_bg_size=&#8221;auto auto&#8221; rt_bg_attachment=&#8221;scroll&#8221;][blog_box list_layout=&#8221;1\/1&#8243; layout_style=&#8221;grid&#8221; use_excerpts=&#8221;true&#8221; pagination=&#8221;true&#8221; ajax_pagination=&#8221;&#8221; list_orderby=&#8221;date&#8221; list_order=&#8221;DESC&#8221; categories=&#8221;161&#8243; show_date=&#8221;true&#8221; show_author=&#8221;false&#8221; show_categories=&#8221;false&#8221; show_comment_numbers=&#8221;true&#8221; featured_image_resize=&#8221;true&#8221; featured_image_max_width=&#8221;0&#8243; featured_image_max_height=&#8221;0&#8243; featured_image_crop=&#8221;false&#8221;][\/vc_column][\/vc_row]<\/p>\n","protected":false},"author":5,"featured_media":0,"parent":5059,"menu_order":41,"comment_status":"closed","ping_status":"closed","template":"","meta":{"_acf_changed":false,"footnotes":""},"class_list":["post-8167","page","type-page","status-publish","hentry"],"acf":[],"yoast_head":"<!-- This site is optimized with the Yoast SEO plugin v27.3 - https:\/\/yoast.com\/product\/yoast-seo-wordpress\/ -->\n<title>Blog | Araoz &amp; Rueda Abogados<\/title>\n<meta name=\"description\" content=\"financiaciones corporativas, financiaci\u00f3n de adquisiciones y financiaciones inmobiliarias y de otros activos, dise\u00f1o y estructuraci\u00f3n legal de financiaciones sindicadas, reestructuraciones de deuda, project &amp; structured finance | Araoz &amp; Rueda\" \/>\n<meta name=\"robots\" content=\"index, follow, max-snippet:-1, max-image-preview:large, max-video-preview:-1\" \/>\n<link rel=\"canonical\" href=\"https:\/\/www.araozyrueda.com\/actualidad\/blog\/\" \/>\n<meta property=\"og:locale\" content=\"en_US\" \/>\n<meta property=\"og:type\" content=\"article\" \/>\n<meta property=\"og:title\" content=\"Blog | Araoz &amp; Rueda Abogados\" \/>\n<meta property=\"og:description\" content=\"financiaciones corporativas, financiaci\u00f3n de adquisiciones y financiaciones inmobiliarias y de otros activos, dise\u00f1o y estructuraci\u00f3n legal de financiaciones sindicadas, reestructuraciones de deuda, project &amp; structured finance | Araoz &amp; Rueda\" \/>\n<meta property=\"og:url\" content=\"https:\/\/www.araozyrueda.com\/actualidad\/blog\/\" \/>\n<meta property=\"og:site_name\" content=\"Araoz &amp; Rueda\" \/>\n<meta property=\"article:modified_time\" content=\"2018-05-09T14:38:39+00:00\" \/>\n<meta name=\"twitter:card\" content=\"summary_large_image\" \/>\n<meta name=\"twitter:label1\" content=\"Est. reading time\" \/>\n\t<meta name=\"twitter:data1\" content=\"1 minute\" \/>\n<script type=\"application\/ld+json\" class=\"yoast-schema-graph\">{\"@context\":\"https:\\\/\\\/schema.org\",\"@graph\":[{\"@type\":\"WebPage\",\"@id\":\"https:\\\/\\\/www.araozyrueda.com\\\/actualidad\\\/blog\\\/\",\"url\":\"https:\\\/\\\/www.araozyrueda.com\\\/actualidad\\\/blog\\\/\",\"name\":\"Blog | Araoz & Rueda Abogados\",\"isPartOf\":{\"@id\":\"https:\\\/\\\/www.araozyrueda.com\\\/#website\"},\"datePublished\":\"2017-07-12T09:09:34+00:00\",\"dateModified\":\"2018-05-09T14:38:39+00:00\",\"description\":\"financiaciones corporativas, financiaci\u00f3n de adquisiciones y financiaciones inmobiliarias y de otros activos, dise\u00f1o y estructuraci\u00f3n legal de financiaciones sindicadas, reestructuraciones de deuda, project & structured finance | Araoz & Rueda\",\"breadcrumb\":{\"@id\":\"https:\\\/\\\/www.araozyrueda.com\\\/actualidad\\\/blog\\\/#breadcrumb\"},\"inLanguage\":\"en-US\",\"potentialAction\":[{\"@type\":\"ReadAction\",\"target\":[\"https:\\\/\\\/www.araozyrueda.com\\\/actualidad\\\/blog\\\/\"]}]},{\"@type\":\"BreadcrumbList\",\"@id\":\"https:\\\/\\\/www.araozyrueda.com\\\/actualidad\\\/blog\\\/#breadcrumb\",\"itemListElement\":[{\"@type\":\"ListItem\",\"position\":1,\"name\":\"Home\",\"item\":\"https:\\\/\\\/www.araozyrueda.com\\\/en\\\/\"},{\"@type\":\"ListItem\",\"position\":2,\"name\":\"Latest News\",\"item\":\"https:\\\/\\\/www.araozyrueda.com\\\/en\\\/news\\\/\"},{\"@type\":\"ListItem\",\"position\":3,\"name\":\"Blog\"}]},{\"@type\":\"WebSite\",\"@id\":\"https:\\\/\\\/www.araozyrueda.com\\\/#website\",\"url\":\"https:\\\/\\\/www.araozyrueda.com\\\/\",\"name\":\"Araoz &amp; Rueda\",\"description\":\"Abogados expertos en Fusiones y Adquisiciones y Capital Riesgo\",\"potentialAction\":[{\"@type\":\"SearchAction\",\"target\":{\"@type\":\"EntryPoint\",\"urlTemplate\":\"https:\\\/\\\/www.araozyrueda.com\\\/?s={search_term_string}\"},\"query-input\":{\"@type\":\"PropertyValueSpecification\",\"valueRequired\":true,\"valueName\":\"search_term_string\"}}],\"inLanguage\":\"en-US\"}]}<\/script>\n<!-- \/ Yoast SEO plugin. -->","yoast_head_json":{"title":"Blog | Araoz & Rueda Abogados","description":"financiaciones corporativas, financiaci\u00f3n de adquisiciones y financiaciones inmobiliarias y de otros activos, dise\u00f1o y estructuraci\u00f3n legal de financiaciones sindicadas, reestructuraciones de deuda, project & structured finance | Araoz & Rueda","robots":{"index":"index","follow":"follow","max-snippet":"max-snippet:-1","max-image-preview":"max-image-preview:large","max-video-preview":"max-video-preview:-1"},"canonical":"https:\/\/www.araozyrueda.com\/actualidad\/blog\/","og_locale":"en_US","og_type":"article","og_title":"Blog | Araoz & Rueda Abogados","og_description":"financiaciones corporativas, financiaci\u00f3n de adquisiciones y financiaciones inmobiliarias y de otros activos, dise\u00f1o y estructuraci\u00f3n legal de financiaciones sindicadas, reestructuraciones de deuda, project & structured finance | Araoz & Rueda","og_url":"https:\/\/www.araozyrueda.com\/actualidad\/blog\/","og_site_name":"Araoz &amp; Rueda","article_modified_time":"2018-05-09T14:38:39+00:00","twitter_card":"summary_large_image","twitter_misc":{"Est. reading time":"1 minute"},"schema":{"@context":"https:\/\/schema.org","@graph":[{"@type":"WebPage","@id":"https:\/\/www.araozyrueda.com\/actualidad\/blog\/","url":"https:\/\/www.araozyrueda.com\/actualidad\/blog\/","name":"Blog | Araoz & Rueda Abogados","isPartOf":{"@id":"https:\/\/www.araozyrueda.com\/#website"},"datePublished":"2017-07-12T09:09:34+00:00","dateModified":"2018-05-09T14:38:39+00:00","description":"financiaciones corporativas, financiaci\u00f3n de adquisiciones y financiaciones inmobiliarias y de otros activos, dise\u00f1o y estructuraci\u00f3n legal de financiaciones sindicadas, reestructuraciones de deuda, project & structured finance | Araoz & Rueda","breadcrumb":{"@id":"https:\/\/www.araozyrueda.com\/actualidad\/blog\/#breadcrumb"},"inLanguage":"en-US","potentialAction":[{"@type":"ReadAction","target":["https:\/\/www.araozyrueda.com\/actualidad\/blog\/"]}]},{"@type":"BreadcrumbList","@id":"https:\/\/www.araozyrueda.com\/actualidad\/blog\/#breadcrumb","itemListElement":[{"@type":"ListItem","position":1,"name":"Home","item":"https:\/\/www.araozyrueda.com\/en\/"},{"@type":"ListItem","position":2,"name":"Latest News","item":"https:\/\/www.araozyrueda.com\/en\/news\/"},{"@type":"ListItem","position":3,"name":"Blog"}]},{"@type":"WebSite","@id":"https:\/\/www.araozyrueda.com\/#website","url":"https:\/\/www.araozyrueda.com\/","name":"Araoz &amp; Rueda","description":"Abogados expertos en Fusiones y Adquisiciones y Capital Riesgo","potentialAction":[{"@type":"SearchAction","target":{"@type":"EntryPoint","urlTemplate":"https:\/\/www.araozyrueda.com\/?s={search_term_string}"},"query-input":{"@type":"PropertyValueSpecification","valueRequired":true,"valueName":"search_term_string"}}],"inLanguage":"en-US"}]}},"_links":{"self":[{"href":"https:\/\/www.araozyrueda.com\/en\/wp-json\/wp\/v2\/pages\/8167","targetHints":{"allow":["GET"]}}],"collection":[{"href":"https:\/\/www.araozyrueda.com\/en\/wp-json\/wp\/v2\/pages"}],"about":[{"href":"https:\/\/www.araozyrueda.com\/en\/wp-json\/wp\/v2\/types\/page"}],"author":[{"embeddable":true,"href":"https:\/\/www.araozyrueda.com\/en\/wp-json\/wp\/v2\/users\/5"}],"replies":[{"embeddable":true,"href":"https:\/\/www.araozyrueda.com\/en\/wp-json\/wp\/v2\/comments?post=8167"}],"version-history":[{"count":0,"href":"https:\/\/www.araozyrueda.com\/en\/wp-json\/wp\/v2\/pages\/8167\/revisions"}],"up":[{"embeddable":true,"href":"https:\/\/www.araozyrueda.com\/en\/wp-json\/wp\/v2\/pages\/5059"}],"wp:attachment":[{"href":"https:\/\/www.araozyrueda.com\/en\/wp-json\/wp\/v2\/media?parent=8167"}],"curies":[{"name":"wp","href":"https:\/\/api.w.org\/{rel}","templated":true}]}}