{"id":5106,"date":"2016-05-05T15:05:12","date_gmt":"2016-05-05T15:05:12","guid":{"rendered":"https:\/\/www.araozyrueda.com\/en\/nuestro-equipo\/"},"modified":"2021-01-18T15:31:56","modified_gmt":"2021-01-18T15:31:56","slug":"nuestro-equipo","status":"publish","type":"page","link":"https:\/\/www.araozyrueda.com\/en\/nuestro-equipo\/","title":{"rendered":"Professionals"},"content":{"rendered":"<p>[vc_row rt_row_background_width=&#8221;default&#8221; rt_row_style=&#8221;default-style&#8221; rt_row_borders=&#8221;&#8221; rt_overlap=&#8221;true&#8221; rt_row_paddings=&#8221;true&#8221; rt_bg_effect=&#8221;classic&#8221; rt_bg_image_repeat=&#8221;repeat&#8221; rt_bg_size=&#8221;cover&#8221; rt_bg_position=&#8221;right top&#8221; rt_bg_attachment=&#8221;scroll&#8221; rt_bg_video_format=&#8221;self-hosted&#8221; css=&#8221;.vc_custom_1453217339571{padding-top: 50px !important;padding-bottom: 50px !important;}&#8221; rt_padding_bottom=&#8221;0&#8243;][vc_column rt_wrp_col_paddings=&#8221;false&#8221; rt_border_top=&#8221;&#8221; rt_border_bottom=&#8221;&#8221; rt_border_left=&#8221;&#8221; rt_border_right=&#8221;&#8221; rt_border_top_mobile=&#8221;&#8221; rt_border_bottom_mobile=&#8221;&#8221; rt_border_left_mobile=&#8221;&#8221; rt_border_right_mobile=&#8221;&#8221; rt_bg_image_repeat=&#8221;repeat&#8221; rt_bg_size=&#8221;auto auto&#8221; rt_bg_position=&#8221;right top&#8221; rt_bg_attachment=&#8221;scroll&#8221; rt_padding_bottom=&#8221;50&#8243;][vc_column_text]At <em>Araoz &amp; Rueda<\/em> we have a team of\u00a0lawyers fully dedicated to satisfying and surpassing our client\u2019s expectations. The\u00a0majority of our lawyers have substantial international experience and training, as well as a profound knowledge of their respective areas of specialization.<\/p>\n<p>Furthermore, in order to create a fluent and easy line of communication for our clients, all our lawyers have an absolute command of English, many of them speaking also French, German and Italian.[\/vc_column_text][vc_separator style=&#8221;style-4&#8243; css=&#8221;.vc_custom_1463137714093{margin-top: 30px !important;}&#8221;][vc_row_inner rt_row_style=&#8221;global-style&#8221; rt_row_borders=&#8221;&#8221; rt_row_paddings=&#8221;true&#8221; rt_bg_effect=&#8221;classic&#8221; rt_bg_image_repeat=&#8221;repeat&#8221; rt_bg_size=&#8221;cover&#8221; rt_bg_position=&#8221;right top&#8221; rt_bg_attachment=&#8221;scroll&#8221; rt_bg_video_format=&#8221;self-hosted&#8221;][vc_column_inner rt_wrp_col_paddings=&#8221;false&#8221; rt_border_top=&#8221;&#8221; rt_border_bottom=&#8221;&#8221; rt_border_left=&#8221;&#8221; rt_border_right=&#8221;&#8221; rt_border_top_mobile=&#8221;&#8221; rt_border_bottom_mobile=&#8221;&#8221; rt_border_left_mobile=&#8221;&#8221; rt_border_right_mobile=&#8221;&#8221; rt_bg_image_repeat=&#8221;repeat&#8221; rt_bg_size=&#8221;auto auto&#8221; rt_bg_position=&#8221;right top&#8221; rt_bg_attachment=&#8221;scroll&#8221; rt_padding_bottom=&#8221;0&#8243;][rt_heading style=&#8221;style-1&#8243; size=&#8221;h3&#8243; font_color_type=&#8221;&#8221; font=&#8221;&#8221; custom_font_size=&#8221;&#8221; link=&#8221;&#8221; link_open=&#8221;_self&#8221; icon_name=&#8221;icon-users&#8221;]Partners and Of Counsel[\/rt_heading][staff_box list_layout=&#8221;1\/6&#8243; ids=&#8221;22324,682,22073,10986,7081,5821,621,635,9714,703,5097,720,11571&#8243; list_orderby=&#8221;ID&#8221; list_order=&#8221;DESC&#8221; class=&#8221;area-team&#8221;][\/vc_column_inner][\/vc_row_inner][\/vc_column][\/vc_row][vc_row rt_row_background_width=&#8221;default&#8221; rt_row_style=&#8221;default-style&#8221; rt_row_borders=&#8221;&#8221; rt_row_paddings=&#8221;true&#8221; rt_bg_effect=&#8221;classic&#8221; rt_bg_image_repeat=&#8221;repeat&#8221; rt_bg_size=&#8221;cover&#8221; rt_bg_position=&#8221;right top&#8221; rt_bg_attachment=&#8221;scroll&#8221; rt_bg_video_format=&#8221;self-hosted&#8221; bg_type=&#8221;bg_color&#8221; bg_color_value=&#8221;#efefef&#8221;][vc_column width=&#8221;1\/2&#8243; rt_wrp_col_paddings=&#8221;false&#8221; rt_border_top=&#8221;&#8221; rt_border_bottom=&#8221;&#8221; rt_border_left=&#8221;&#8221; rt_border_right=&#8221;&#8221; rt_border_top_mobile=&#8221;&#8221; rt_border_bottom_mobile=&#8221;&#8221; rt_border_left_mobile=&#8221;&#8221; rt_border_right_mobile=&#8221;&#8221; rt_bg_image_repeat=&#8221;repeat&#8221; rt_bg_size=&#8221;auto auto&#8221; rt_bg_position=&#8221;right top&#8221; rt_bg_attachment=&#8221;scroll&#8221;][rt_heading style=&#8221;style-1&#8243; size=&#8221;h3&#8243; font_color_type=&#8221;&#8221; font=&#8221;&#8221; custom_font_size=&#8221;&#8221; link=&#8221;&#8221; link_open=&#8221;_self&#8221;]Latest news[\/rt_heading][rt_latest_news style=&#8221;1&#8243; max_item=&#8221;10&#8243; excerpt_length=&#8221;100&#8243; list_orderby=&#8221;date&#8221; list_order=&#8221;DESC&#8221; categories=&#8221;&#8221;][\/vc_column][vc_column width=&#8221;1\/2&#8243; rt_wrp_col_paddings=&#8221;false&#8221; rt_border_top=&#8221;&#8221; rt_border_bottom=&#8221;&#8221; rt_border_left=&#8221;&#8221; rt_border_right=&#8221;&#8221; rt_border_top_mobile=&#8221;&#8221; rt_border_bottom_mobile=&#8221;&#8221; rt_border_left_mobile=&#8221;&#8221; rt_border_right_mobile=&#8221;&#8221; rt_bg_image_repeat=&#8221;repeat&#8221; rt_bg_size=&#8221;auto auto&#8221; rt_bg_position=&#8221;right top&#8221; rt_bg_attachment=&#8221;scroll&#8221;][rt_heading style=&#8221;style-1&#8243; size=&#8221;h3&#8243; font_color_type=&#8221;&#8221; font=&#8221;&#8221; custom_font_size=&#8221;&#8221; link=&#8221;&#8221; link_open=&#8221;_self&#8221;]Latest events[\/rt_heading][vc_column_text]\r\n  \r\n    <!-- the loop -->\r\n          <article class=\"item-documentos\">\r\n\t  \r\n\t  \r\n      <div class=\"eventos\">\r\n\t\t  \r\n\t\t  \r\n\t\t  <h5>C\u00f3mo beneficiarse de la mediaci\u00f3n: experiencias pr\u00e1cticas<\/h5>\r\n\t\t  <p class=\"fecha\">January 31, 2013<\/p>\r\n\r\n\t  \r\n<p>Organises:  Fundaci\u00f3n Signum para la Resoluci\u00f3n Alternativa de Conflictos<br\/>\r\n\t\t  Lecturer:  Clifford Hendel<\/p>\r\n\t\t  \r\n\r\n<a class=\"pdf\" href=\"https:\/\/www.araozyrueda.com\/wp-content\/uploads\/2016\/06\/Seminario_mediacion-CJH-2013-1.pdf\" target=\"blank\">Download PDF<\/a>\r\n\t  <\/div>\r\n\t\t  <br style=\"clear:both;\"\/>\r\n  <\/article>\r\n\r\n\r\n\r\n          <article class=\"item-documentos\">\r\n\t  \r\n\t  \r\n      <div class=\"eventos\">\r\n\t\t  \r\n\t\t  \r\n\t\t  <h5>Propiedad intelectual y entidades de gesti\u00f3n<\/h5>\r\n\t\t  <p class=\"fecha\">22 de enero de 2013<\/p>\r\n\r\n\t  \r\n<p>Organises:  Universidad de Valladolid<br\/>\r\n\t\t  Lecturer:  Ana del Arco<\/p>\r\n\t\t  \r\n\r\nIn case of interest, please contact our <a href=\"mailto:marketing@araozyrueda.com\">marketing department<\/a>.\r\n\t  <\/div>\r\n\t\t  <br style=\"clear:both;\"\/>\r\n  <\/article>\r\n\r\n\r\n\r\n          <article class=\"item-documentos\">\r\n\t  \r\n\t  \r\n      <div class=\"eventos\">\r\n\t\t  \r\n\t\t  \r\n\t\t  <h5>Cesi\u00f3n de derechos de autor e industria cultural<\/h5>\r\n\t\t  <p class=\"fecha\">27 de marzo de 2012<\/p>\r\n\r\n\t  \r\n<p>Organises:  Universidad de Valladolid<br\/>\r\n\t\t  Lecturer:  Ana del Arco<\/p>\r\n\t\t  \r\n\r\nIn case of interest, please contact our <a href=\"mailto:marketing@araozyrueda.com\">marketing department<\/a>.\r\n\t  <\/div>\r\n\t\t  <br style=\"clear:both;\"\/>\r\n  <\/article>\r\n\r\n\r\n\r\n        <!-- end of the loop -->\r\n\r\n    <!-- pagination here -->\r\n    \r\n\r\n  \r\n[\/vc_column_text][\/vc_column][\/vc_row]<\/p>\n","protected":false},"excerpt":{"rendered":"<p>[vc_row rt_row_background_width=&#8221;default&#8221; rt_row_style=&#8221;default-style&#8221; rt_row_borders=&#8221;&#8221; rt_overlap=&#8221;true&#8221; rt_row_paddings=&#8221;true&#8221; rt_bg_effect=&#8221;classic&#8221; rt_bg_image_repeat=&#8221;repeat&#8221; rt_bg_size=&#8221;cover&#8221; rt_bg_position=&#8221;right top&#8221; rt_bg_attachment=&#8221;scroll&#8221; rt_bg_video_format=&#8221;self-hosted&#8221; css=&#8221;.vc_custom_1453217339571{padding-top: 50px !important;padding-bottom: 50px !important;}&#8221; rt_padding_bottom=&#8221;0&#8243;][vc_column rt_wrp_col_paddings=&#8221;false&#8221; rt_border_top=&#8221;&#8221; rt_border_bottom=&#8221;&#8221; rt_border_left=&#8221;&#8221; rt_border_right=&#8221;&#8221; rt_border_top_mobile=&#8221;&#8221; rt_border_bottom_mobile=&#8221;&#8221; rt_border_left_mobile=&#8221;&#8221; rt_border_right_mobile=&#8221;&#8221; rt_bg_image_repeat=&#8221;repeat&#8221; rt_bg_size=&#8221;auto auto&#8221; rt_bg_position=&#8221;right top&#8221; rt_bg_attachment=&#8221;scroll&#8221; rt_padding_bottom=&#8221;50&#8243;][vc_column_text]At Araoz &amp; Rueda we have a team of\u00a0lawyers fully dedicated to satisfying and surpassing our client\u2019s expectations. The\u00a0majority of our [&hellip;]<\/p>\n","protected":false},"author":5,"featured_media":0,"parent":0,"menu_order":85,"comment_status":"closed","ping_status":"closed","template":"","meta":{"_acf_changed":false,"footnotes":""},"class_list":["post-5106","page","type-page","status-publish","hentry"],"acf":[],"yoast_head":"<!-- This site is optimized with the Yoast SEO plugin v27.3 - https:\/\/yoast.com\/product\/yoast-seo-wordpress\/ -->\n<title>Professionals - Araoz &amp; Rueda<\/title>\n<meta name=\"robots\" content=\"index, follow, max-snippet:-1, max-image-preview:large, max-video-preview:-1\" \/>\n<link rel=\"canonical\" href=\"https:\/\/www.araozyrueda.com\/en\/nuestro-equipo\/\" \/>\n<meta property=\"og:locale\" content=\"en_US\" \/>\n<meta property=\"og:type\" content=\"article\" \/>\n<meta property=\"og:title\" content=\"Professionals - Araoz &amp; Rueda\" \/>\n<meta property=\"og:description\" content=\"[vc_row rt_row_background_width=&#8221;default&#8221; rt_row_style=&#8221;default-style&#8221; rt_row_borders=&#8221;&#8221; rt_overlap=&#8221;true&#8221; rt_row_paddings=&#8221;true&#8221; rt_bg_effect=&#8221;classic&#8221; rt_bg_image_repeat=&#8221;repeat&#8221; rt_bg_size=&#8221;cover&#8221; rt_bg_position=&#8221;right top&#8221; rt_bg_attachment=&#8221;scroll&#8221; rt_bg_video_format=&#8221;self-hosted&#8221; css=&#8221;.vc_custom_1453217339571{padding-top: 50px !important;padding-bottom: 50px !important;}&#8221; rt_padding_bottom=&#8221;0&#8243;][vc_column rt_wrp_col_paddings=&#8221;false&#8221; rt_border_top=&#8221;&#8221; rt_border_bottom=&#8221;&#8221; rt_border_left=&#8221;&#8221; rt_border_right=&#8221;&#8221; rt_border_top_mobile=&#8221;&#8221; rt_border_bottom_mobile=&#8221;&#8221; rt_border_left_mobile=&#8221;&#8221; rt_border_right_mobile=&#8221;&#8221; rt_bg_image_repeat=&#8221;repeat&#8221; rt_bg_size=&#8221;auto auto&#8221; rt_bg_position=&#8221;right top&#8221; rt_bg_attachment=&#8221;scroll&#8221; rt_padding_bottom=&#8221;50&#8243;][vc_column_text]At Araoz &amp; Rueda we have a team of\u00a0lawyers fully dedicated to satisfying and surpassing our client\u2019s expectations. The\u00a0majority of our [&hellip;]\" \/>\n<meta property=\"og:url\" content=\"https:\/\/www.araozyrueda.com\/en\/nuestro-equipo\/\" \/>\n<meta property=\"og:site_name\" content=\"Araoz &amp; Rueda\" \/>\n<meta property=\"article:modified_time\" content=\"2021-01-18T15:31:56+00:00\" \/>\n<meta name=\"twitter:card\" content=\"summary_large_image\" \/>\n<meta name=\"twitter:label1\" content=\"Est. reading time\" \/>\n\t<meta name=\"twitter:data1\" content=\"3 minutes\" \/>\n<script type=\"application\/ld+json\" class=\"yoast-schema-graph\">{\"@context\":\"https:\\\/\\\/schema.org\",\"@graph\":[{\"@type\":\"WebPage\",\"@id\":\"https:\\\/\\\/www.araozyrueda.com\\\/en\\\/nuestro-equipo\\\/\",\"url\":\"https:\\\/\\\/www.araozyrueda.com\\\/en\\\/nuestro-equipo\\\/\",\"name\":\"Professionals - Araoz &amp; Rueda\",\"isPartOf\":{\"@id\":\"https:\\\/\\\/www.araozyrueda.com\\\/#website\"},\"datePublished\":\"2016-05-05T15:05:12+00:00\",\"dateModified\":\"2021-01-18T15:31:56+00:00\",\"breadcrumb\":{\"@id\":\"https:\\\/\\\/www.araozyrueda.com\\\/en\\\/nuestro-equipo\\\/#breadcrumb\"},\"inLanguage\":\"en-US\",\"potentialAction\":[{\"@type\":\"ReadAction\",\"target\":[\"https:\\\/\\\/www.araozyrueda.com\\\/en\\\/nuestro-equipo\\\/\"]}]},{\"@type\":\"BreadcrumbList\",\"@id\":\"https:\\\/\\\/www.araozyrueda.com\\\/en\\\/nuestro-equipo\\\/#breadcrumb\",\"itemListElement\":[{\"@type\":\"ListItem\",\"position\":1,\"name\":\"Home\",\"item\":\"https:\\\/\\\/www.araozyrueda.com\\\/en\\\/\"},{\"@type\":\"ListItem\",\"position\":2,\"name\":\"Professionals\"}]},{\"@type\":\"WebSite\",\"@id\":\"https:\\\/\\\/www.araozyrueda.com\\\/#website\",\"url\":\"https:\\\/\\\/www.araozyrueda.com\\\/\",\"name\":\"Araoz &amp; Rueda\",\"description\":\"Abogados expertos en Fusiones y Adquisiciones y Capital Riesgo\",\"potentialAction\":[{\"@type\":\"SearchAction\",\"target\":{\"@type\":\"EntryPoint\",\"urlTemplate\":\"https:\\\/\\\/www.araozyrueda.com\\\/?s={search_term_string}\"},\"query-input\":{\"@type\":\"PropertyValueSpecification\",\"valueRequired\":true,\"valueName\":\"search_term_string\"}}],\"inLanguage\":\"en-US\"}]}<\/script>\n<!-- \/ Yoast SEO plugin. -->","yoast_head_json":{"title":"Professionals - Araoz &amp; Rueda","robots":{"index":"index","follow":"follow","max-snippet":"max-snippet:-1","max-image-preview":"max-image-preview:large","max-video-preview":"max-video-preview:-1"},"canonical":"https:\/\/www.araozyrueda.com\/en\/nuestro-equipo\/","og_locale":"en_US","og_type":"article","og_title":"Professionals - Araoz &amp; Rueda","og_description":"[vc_row rt_row_background_width=&#8221;default&#8221; rt_row_style=&#8221;default-style&#8221; rt_row_borders=&#8221;&#8221; rt_overlap=&#8221;true&#8221; rt_row_paddings=&#8221;true&#8221; rt_bg_effect=&#8221;classic&#8221; rt_bg_image_repeat=&#8221;repeat&#8221; rt_bg_size=&#8221;cover&#8221; rt_bg_position=&#8221;right top&#8221; rt_bg_attachment=&#8221;scroll&#8221; rt_bg_video_format=&#8221;self-hosted&#8221; css=&#8221;.vc_custom_1453217339571{padding-top: 50px !important;padding-bottom: 50px !important;}&#8221; rt_padding_bottom=&#8221;0&#8243;][vc_column rt_wrp_col_paddings=&#8221;false&#8221; rt_border_top=&#8221;&#8221; rt_border_bottom=&#8221;&#8221; rt_border_left=&#8221;&#8221; rt_border_right=&#8221;&#8221; rt_border_top_mobile=&#8221;&#8221; rt_border_bottom_mobile=&#8221;&#8221; rt_border_left_mobile=&#8221;&#8221; rt_border_right_mobile=&#8221;&#8221; rt_bg_image_repeat=&#8221;repeat&#8221; rt_bg_size=&#8221;auto auto&#8221; rt_bg_position=&#8221;right top&#8221; rt_bg_attachment=&#8221;scroll&#8221; rt_padding_bottom=&#8221;50&#8243;][vc_column_text]At Araoz &amp; Rueda we have a team of\u00a0lawyers fully dedicated to satisfying and surpassing our client\u2019s expectations. The\u00a0majority of our [&hellip;]","og_url":"https:\/\/www.araozyrueda.com\/en\/nuestro-equipo\/","og_site_name":"Araoz &amp; Rueda","article_modified_time":"2021-01-18T15:31:56+00:00","twitter_card":"summary_large_image","twitter_misc":{"Est. reading time":"3 minutes"},"schema":{"@context":"https:\/\/schema.org","@graph":[{"@type":"WebPage","@id":"https:\/\/www.araozyrueda.com\/en\/nuestro-equipo\/","url":"https:\/\/www.araozyrueda.com\/en\/nuestro-equipo\/","name":"Professionals - Araoz &amp; Rueda","isPartOf":{"@id":"https:\/\/www.araozyrueda.com\/#website"},"datePublished":"2016-05-05T15:05:12+00:00","dateModified":"2021-01-18T15:31:56+00:00","breadcrumb":{"@id":"https:\/\/www.araozyrueda.com\/en\/nuestro-equipo\/#breadcrumb"},"inLanguage":"en-US","potentialAction":[{"@type":"ReadAction","target":["https:\/\/www.araozyrueda.com\/en\/nuestro-equipo\/"]}]},{"@type":"BreadcrumbList","@id":"https:\/\/www.araozyrueda.com\/en\/nuestro-equipo\/#breadcrumb","itemListElement":[{"@type":"ListItem","position":1,"name":"Home","item":"https:\/\/www.araozyrueda.com\/en\/"},{"@type":"ListItem","position":2,"name":"Professionals"}]},{"@type":"WebSite","@id":"https:\/\/www.araozyrueda.com\/#website","url":"https:\/\/www.araozyrueda.com\/","name":"Araoz &amp; Rueda","description":"Abogados expertos en Fusiones y Adquisiciones y Capital Riesgo","potentialAction":[{"@type":"SearchAction","target":{"@type":"EntryPoint","urlTemplate":"https:\/\/www.araozyrueda.com\/?s={search_term_string}"},"query-input":{"@type":"PropertyValueSpecification","valueRequired":true,"valueName":"search_term_string"}}],"inLanguage":"en-US"}]}},"_links":{"self":[{"href":"https:\/\/www.araozyrueda.com\/en\/wp-json\/wp\/v2\/pages\/5106","targetHints":{"allow":["GET"]}}],"collection":[{"href":"https:\/\/www.araozyrueda.com\/en\/wp-json\/wp\/v2\/pages"}],"about":[{"href":"https:\/\/www.araozyrueda.com\/en\/wp-json\/wp\/v2\/types\/page"}],"author":[{"embeddable":true,"href":"https:\/\/www.araozyrueda.com\/en\/wp-json\/wp\/v2\/users\/5"}],"replies":[{"embeddable":true,"href":"https:\/\/www.araozyrueda.com\/en\/wp-json\/wp\/v2\/comments?post=5106"}],"version-history":[{"count":0,"href":"https:\/\/www.araozyrueda.com\/en\/wp-json\/wp\/v2\/pages\/5106\/revisions"}],"wp:attachment":[{"href":"https:\/\/www.araozyrueda.com\/en\/wp-json\/wp\/v2\/media?parent=5106"}],"curies":[{"name":"wp","href":"https:\/\/api.w.org\/{rel}","templated":true}]}}