{"id":5055,"date":"2016-06-14T16:36:12","date_gmt":"2016-06-14T16:36:12","guid":{"rendered":"https:\/\/www.araozyrueda.com\/en\/foros-de-empleo\/"},"modified":"2025-11-11T10:20:43","modified_gmt":"2025-11-11T10:20:43","slug":"employment-fairs","status":"publish","type":"page","link":"https:\/\/www.araozyrueda.com\/en\/employment-fairs\/","title":{"rendered":"Employment fairs"},"content":{"rendered":"\t\t<div data-elementor-type=\"wp-page\" data-elementor-id=\"5055\" class=\"elementor elementor-5055 elementor-3546\" data-elementor-post-type=\"page\">\n\t\t\t\t\t\t<section class=\"elementor-section elementor-top-section elementor-element elementor-element-01dba70 elementor-section-height-min-height elementor-section-items-stretch elementor-section-boxed elementor-section-height-default\" data-id=\"01dba70\" data-element_type=\"section\" data-e-type=\"section\" data-settings=\"{&quot;jet_parallax_layout_list&quot;:[{&quot;jet_parallax_layout_image&quot;:{&quot;url&quot;:&quot;&quot;,&quot;id&quot;:&quot;&quot;,&quot;size&quot;:&quot;&quot;},&quot;_id&quot;:&quot;f0914a1&quot;,&quot;jet_parallax_layout_image_tablet&quot;:{&quot;url&quot;:&quot;&quot;,&quot;id&quot;:&quot;&quot;,&quot;size&quot;:&quot;&quot;},&quot;jet_parallax_layout_image_mobile&quot;:{&quot;url&quot;:&quot;&quot;,&quot;id&quot;:&quot;&quot;,&quot;size&quot;:&quot;&quot;},&quot;jet_parallax_layout_speed&quot;:{&quot;unit&quot;:&quot;%&quot;,&quot;size&quot;:50,&quot;sizes&quot;:[]},&quot;jet_parallax_layout_type&quot;:&quot;scroll&quot;,&quot;jet_parallax_layout_direction&quot;:&quot;1&quot;,&quot;jet_parallax_layout_fx_direction&quot;:null,&quot;jet_parallax_layout_z_index&quot;:&quot;&quot;,&quot;jet_parallax_layout_bg_x&quot;:50,&quot;jet_parallax_layout_bg_x_tablet&quot;:&quot;&quot;,&quot;jet_parallax_layout_bg_x_mobile&quot;:&quot;&quot;,&quot;jet_parallax_layout_bg_y&quot;:50,&quot;jet_parallax_layout_bg_y_tablet&quot;:&quot;&quot;,&quot;jet_parallax_layout_bg_y_mobile&quot;:&quot;&quot;,&quot;jet_parallax_layout_bg_size&quot;:&quot;auto&quot;,&quot;jet_parallax_layout_bg_size_tablet&quot;:&quot;&quot;,&quot;jet_parallax_layout_bg_size_mobile&quot;:&quot;&quot;,&quot;jet_parallax_layout_animation_prop&quot;:&quot;transform&quot;,&quot;jet_parallax_layout_on&quot;:[&quot;desktop&quot;,&quot;tablet&quot;]}],&quot;background_background&quot;:&quot;classic&quot;}\">\n\t\t\t\t\t\t\t<div class=\"elementor-background-overlay\"><\/div>\n\t\t\t\t\t\t\t<div class=\"elementor-container elementor-column-gap-default\">\n\t\t\t\t\t<div class=\"elementor-column elementor-col-100 elementor-top-column elementor-element elementor-element-15cb31c animated-slow elementor-invisible\" data-id=\"15cb31c\" data-element_type=\"column\" data-e-type=\"column\" data-settings=\"{&quot;animation&quot;:&quot;fadeIn&quot;,&quot;animation_delay&quot;:500}\">\n\t\t\t<div class=\"elementor-widget-wrap elementor-element-populated\">\n\t\t\t\t\t\t<div class=\"elementor-element elementor-element-1745140 elementor-widget elementor-widget-heading\" data-id=\"1745140\" data-element_type=\"widget\" data-e-type=\"widget\" data-widget_type=\"heading.default\">\n\t\t\t\t\t<h2 class=\"elementor-heading-title elementor-size-default\">Employment fairs<\/h2>\t\t\t\t<\/div>\n\t\t\t\t\t<\/div>\n\t\t<\/div>\n\t\t\t\t\t<\/div>\n\t\t<\/section>\n\t\t\t\t<section class=\"elementor-section elementor-top-section elementor-element elementor-element-4b730ac5 elementor-section-boxed elementor-section-height-default elementor-section-height-default\" data-id=\"4b730ac5\" data-element_type=\"section\" data-e-type=\"section\" data-settings=\"{&quot;jet_parallax_layout_list&quot;:[{&quot;jet_parallax_layout_image&quot;:{&quot;url&quot;:&quot;&quot;,&quot;id&quot;:&quot;&quot;,&quot;size&quot;:&quot;&quot;},&quot;_id&quot;:&quot;86cfb53&quot;,&quot;jet_parallax_layout_image_tablet&quot;:{&quot;url&quot;:&quot;&quot;,&quot;id&quot;:&quot;&quot;,&quot;size&quot;:&quot;&quot;},&quot;jet_parallax_layout_image_mobile&quot;:{&quot;url&quot;:&quot;&quot;,&quot;id&quot;:&quot;&quot;,&quot;size&quot;:&quot;&quot;},&quot;jet_parallax_layout_speed&quot;:{&quot;unit&quot;:&quot;%&quot;,&quot;size&quot;:50,&quot;sizes&quot;:[]},&quot;jet_parallax_layout_type&quot;:&quot;scroll&quot;,&quot;jet_parallax_layout_direction&quot;:&quot;1&quot;,&quot;jet_parallax_layout_fx_direction&quot;:null,&quot;jet_parallax_layout_z_index&quot;:&quot;&quot;,&quot;jet_parallax_layout_bg_x&quot;:50,&quot;jet_parallax_layout_bg_x_tablet&quot;:&quot;&quot;,&quot;jet_parallax_layout_bg_x_mobile&quot;:&quot;&quot;,&quot;jet_parallax_layout_bg_y&quot;:50,&quot;jet_parallax_layout_bg_y_tablet&quot;:&quot;&quot;,&quot;jet_parallax_layout_bg_y_mobile&quot;:&quot;&quot;,&quot;jet_parallax_layout_bg_size&quot;:&quot;auto&quot;,&quot;jet_parallax_layout_bg_size_tablet&quot;:&quot;&quot;,&quot;jet_parallax_layout_bg_size_mobile&quot;:&quot;&quot;,&quot;jet_parallax_layout_animation_prop&quot;:&quot;transform&quot;,&quot;jet_parallax_layout_on&quot;:[&quot;desktop&quot;,&quot;tablet&quot;]}]}\">\n\t\t\t\t\t\t<div class=\"elementor-container elementor-column-gap-wider\">\n\t\t\t\t\t<div class=\"elementor-column elementor-col-50 elementor-top-column elementor-element elementor-element-1cafc0c animated-slow elementor-invisible\" data-id=\"1cafc0c\" data-element_type=\"column\" data-e-type=\"column\" data-settings=\"{&quot;animation&quot;:&quot;fadeInUp&quot;,&quot;animation_delay&quot;:200}\">\n\t\t\t<div class=\"elementor-widget-wrap elementor-element-populated\">\n\t\t\t\t\t\t<div class=\"elementor-element elementor-element-a2b5f10 elementor-widget elementor-widget-heading\" data-id=\"a2b5f10\" data-element_type=\"widget\" data-e-type=\"widget\" data-widget_type=\"heading.default\">\n\t\t\t\t\t<h2 class=\"elementor-heading-title elementor-size-default\">Talent<\/h2>\t\t\t\t<\/div>\n\t\t\t\t<div class=\"elementor-element elementor-element-0f812d6 elementor-icon-list--layout-traditional elementor-list-item-link-full_width elementor-widget elementor-widget-icon-list\" data-id=\"0f812d6\" data-element_type=\"widget\" data-e-type=\"widget\" data-widget_type=\"icon-list.default\">\n\t\t\t\t\t\t\t<ul class=\"elementor-icon-list-items\">\n\t\t\t\t\t\t\t<li class=\"elementor-icon-list-item\">\n\t\t\t\t\t\t\t\t\t\t\t<a href=\"http:\/\/www.araozyrueda.com\/en\/current-opportunities\/\">\n\n\t\t\t\t\t\t\t\t\t\t\t\t<span class=\"elementor-icon-list-icon\">\n\t\t\t\t\t\t\t<svg aria-hidden=\"true\" class=\"e-font-icon-svg e-fas-caret-square-right\" viewBox=\"0 0 448 512\" xmlns=\"http:\/\/www.w3.org\/2000\/svg\"><path d=\"M48 32h352c26.51 0 48 21.49 48 48v352c0 26.51-21.49 48-48 48H48c-26.51 0-48-21.49-48-48V80c0-26.51 21.49-48 48-48zm140.485 355.515l123.029-123.029c4.686-4.686 4.686-12.284 0-16.971l-123.029-123.03c-7.56-7.56-20.485-2.206-20.485 8.485v246.059c0 10.691 12.926 16.045 20.485 8.486z\"><\/path><\/svg>\t\t\t\t\t\t<\/span>\n\t\t\t\t\t\t\t\t\t\t<span class=\"elementor-icon-list-text\">Current opportunities<\/span>\n\t\t\t\t\t\t\t\t\t\t\t<\/a>\n\t\t\t\t\t\t\t\t\t<\/li>\n\t\t\t\t\t\t\t\t<li class=\"elementor-icon-list-item\">\n\t\t\t\t\t\t\t\t\t\t\t<a href=\"http:\/\/www.araozyrueda.com\/en\/internship-program\/\">\n\n\t\t\t\t\t\t\t\t\t\t\t\t<span class=\"elementor-icon-list-icon\">\n\t\t\t\t\t\t\t<svg aria-hidden=\"true\" class=\"e-font-icon-svg e-fas-caret-square-right\" viewBox=\"0 0 448 512\" xmlns=\"http:\/\/www.w3.org\/2000\/svg\"><path d=\"M48 32h352c26.51 0 48 21.49 48 48v352c0 26.51-21.49 48-48 48H48c-26.51 0-48-21.49-48-48V80c0-26.51 21.49-48 48-48zm140.485 355.515l123.029-123.029c4.686-4.686 4.686-12.284 0-16.971l-123.029-123.03c-7.56-7.56-20.485-2.206-20.485 8.485v246.059c0 10.691 12.926 16.045 20.485 8.486z\"><\/path><\/svg>\t\t\t\t\t\t<\/span>\n\t\t\t\t\t\t\t\t\t\t<span class=\"elementor-icon-list-text\">Internship Program<\/span>\n\t\t\t\t\t\t\t\t\t\t\t<\/a>\n\t\t\t\t\t\t\t\t\t<\/li>\n\t\t\t\t\t\t\t\t<li class=\"elementor-icon-list-item\">\n\t\t\t\t\t\t\t\t\t\t\t<a href=\"http:\/\/www.araozyrueda.com\/en\/apply\/\">\n\n\t\t\t\t\t\t\t\t\t\t\t\t<span class=\"elementor-icon-list-icon\">\n\t\t\t\t\t\t\t<svg aria-hidden=\"true\" class=\"e-font-icon-svg e-fas-caret-square-right\" viewBox=\"0 0 448 512\" xmlns=\"http:\/\/www.w3.org\/2000\/svg\"><path d=\"M48 32h352c26.51 0 48 21.49 48 48v352c0 26.51-21.49 48-48 48H48c-26.51 0-48-21.49-48-48V80c0-26.51 21.49-48 48-48zm140.485 355.515l123.029-123.029c4.686-4.686 4.686-12.284 0-16.971l-123.029-123.03c-7.56-7.56-20.485-2.206-20.485 8.485v246.059c0 10.691 12.926 16.045 20.485 8.486z\"><\/path><\/svg>\t\t\t\t\t\t<\/span>\n\t\t\t\t\t\t\t\t\t\t<span class=\"elementor-icon-list-text\">Apply<\/span>\n\t\t\t\t\t\t\t\t\t\t\t<\/a>\n\t\t\t\t\t\t\t\t\t<\/li>\n\t\t\t\t\t\t\t\t<li class=\"elementor-icon-list-item\">\n\t\t\t\t\t\t\t\t\t\t\t<a href=\"http:\/\/www.araozyrueda.com\/en\/employment-fairs\/\">\n\n\t\t\t\t\t\t\t\t\t\t\t\t<span class=\"elementor-icon-list-icon\">\n\t\t\t\t\t\t\t<svg aria-hidden=\"true\" class=\"e-font-icon-svg e-fas-caret-square-right\" viewBox=\"0 0 448 512\" xmlns=\"http:\/\/www.w3.org\/2000\/svg\"><path d=\"M48 32h352c26.51 0 48 21.49 48 48v352c0 26.51-21.49 48-48 48H48c-26.51 0-48-21.49-48-48V80c0-26.51 21.49-48 48-48zm140.485 355.515l123.029-123.029c4.686-4.686 4.686-12.284 0-16.971l-123.029-123.03c-7.56-7.56-20.485-2.206-20.485 8.485v246.059c0 10.691 12.926 16.045 20.485 8.486z\"><\/path><\/svg>\t\t\t\t\t\t<\/span>\n\t\t\t\t\t\t\t\t\t\t<span class=\"elementor-icon-list-text\">Employment Fairs<\/span>\n\t\t\t\t\t\t\t\t\t\t\t<\/a>\n\t\t\t\t\t\t\t\t\t<\/li>\n\t\t\t\t\t\t<\/ul>\n\t\t\t\t\t\t<\/div>\n\t\t\t\t\t<\/div>\n\t\t<\/div>\n\t\t\t\t<div class=\"elementor-column elementor-col-50 elementor-top-column elementor-element elementor-element-2a41c2b9 animated-slow elementor-invisible\" data-id=\"2a41c2b9\" data-element_type=\"column\" data-e-type=\"column\" data-settings=\"{&quot;animation&quot;:&quot;fadeInUp&quot;,&quot;animation_delay&quot;:700,&quot;background_background&quot;:&quot;classic&quot;}\">\n\t\t\t<div class=\"elementor-widget-wrap elementor-element-populated\">\n\t\t\t\t\t\t<div class=\"elementor-element elementor-element-1c777f8a elementor-widget elementor-widget-text-editor\" data-id=\"1c777f8a\" data-element_type=\"widget\" data-e-type=\"widget\" data-widget_type=\"text-editor.default\">\n\t\t\t\t\t\t\t\t\t<p>Araoz &amp; Rueda participates every year in employment career fairs and presentations at a number of universities and education centres.\u00a0\u00a0<\/p><p data-start=\"134\" data-end=\"308\">Over the last few weeks, we have attended:<\/p><p data-start=\"310\" data-end=\"569\">\ud83d\udccd Career Fair \u2013 Universidad Carlos III de Madrid.<br data-start=\"363\" data-end=\"366\" \/>\ud83d\udccd Career Fair \u2013 IE University.<br data-start=\"400\" data-end=\"403\" \/>\ud83d\udccd Career Fair \u2013 Universidad CEU San Pablo.<br data-start=\"449\" data-end=\"452\" \/>\ud83d\udccd Career Fair \u2013 Centro de Estudios Garrigues.<br data-start=\"501\" data-end=\"504\" data-is-only-node=\"\" \/>\ud83d\udccd Career Fair \u2013 Universidad Pontificia Comillas ICAI-ICADE.<\/p><p data-start=\"571\" data-end=\"760\">A big thank you to all the students who came to meet us! We truly enjoy connecting with young talent and sharing insights about the recruitment and onboarding process at our firm.<\/p><p data-start=\"762\" data-end=\"901\">Come visit our stand at upcoming editions to learn more about us and ask any questions you may have \u2014 we look forward to meeting you!<\/p>\t\t\t\t\t\t\t\t<\/div>\n\t\t\t\t<section class=\"elementor-section elementor-inner-section elementor-element elementor-element-7bbdf8c elementor-section-boxed elementor-section-height-default elementor-section-height-default\" data-id=\"7bbdf8c\" data-element_type=\"section\" data-e-type=\"section\" data-settings=\"{&quot;jet_parallax_layout_list&quot;:[]}\">\n\t\t\t\t\t\t<div class=\"elementor-container elementor-column-gap-default\">\n\t\t\t\t\t<div class=\"elementor-column elementor-col-100 elementor-inner-column elementor-element elementor-element-4389443\" data-id=\"4389443\" data-element_type=\"column\" data-e-type=\"column\">\n\t\t\t<div class=\"elementor-widget-wrap elementor-element-populated\">\n\t\t\t\t\t\t<div class=\"elementor-element elementor-element-c6db132 elementor-widget elementor-widget-image\" data-id=\"c6db132\" data-element_type=\"widget\" data-e-type=\"widget\" data-widget_type=\"image.default\">\n\t\t\t\t\t\t\t\t\t\t\t\t\t\t\t<img fetchpriority=\"high\" decoding=\"async\" width=\"800\" height=\"800\" src=\"https:\/\/www.araozyrueda.com\/wp-content\/uploads\/2025\/11\/Foros-de-Empleo-Octubre-2025-1024x1024.png\" class=\"attachment-large size-large wp-image-38021\" alt=\"\" srcset=\"https:\/\/www.araozyrueda.com\/wp-content\/uploads\/2025\/11\/Foros-de-Empleo-Octubre-2025-1024x1024.png 1024w, https:\/\/www.araozyrueda.com\/wp-content\/uploads\/2025\/11\/Foros-de-Empleo-Octubre-2025-300x300.png 300w, https:\/\/www.araozyrueda.com\/wp-content\/uploads\/2025\/11\/Foros-de-Empleo-Octubre-2025-150x150.png 150w, https:\/\/www.araozyrueda.com\/wp-content\/uploads\/2025\/11\/Foros-de-Empleo-Octubre-2025-768x768.png 768w, https:\/\/www.araozyrueda.com\/wp-content\/uploads\/2025\/11\/Foros-de-Empleo-Octubre-2025.png 1200w\" sizes=\"(max-width: 800px) 100vw, 800px\" \/>\t\t\t\t\t\t\t\t\t\t\t\t\t\t\t<\/div>\n\t\t\t\t\t<\/div>\n\t\t<\/div>\n\t\t\t\t\t<\/div>\n\t\t<\/section>\n\t\t\t\t\t<\/div>\n\t\t<\/div>\n\t\t\t\t\t<\/div>\n\t\t<\/section>\n\t\t\t\t<\/div>\n\t\t","protected":false},"excerpt":{"rendered":"<p>Talent Current opportunities Internship Program Apply Employment Fairs Araoz &amp; Rueda participates every year in employment career fairs and presentations at a number of universities and education centres.\u00a0\u00a0 Over the last few weeks, we have attended: \ud83d\udccd Career Fair \u2013 Universidad Carlos III de Madrid.\ud83d\udccd Career Fair \u2013 IE University.\ud83d\udccd Career Fair \u2013 Universidad CEU [&hellip;]<\/p>\n","protected":false},"author":5,"featured_media":0,"parent":0,"menu_order":32,"comment_status":"closed","ping_status":"closed","template":"","meta":{"_acf_changed":false,"footnotes":""},"class_list":["post-5055","page","type-page","status-publish","hentry"],"acf":[],"yoast_head":"<!-- This site is optimized with the Yoast SEO plugin v27.4 - https:\/\/yoast.com\/product\/yoast-seo-wordpress\/ -->\n<title>Foros de Empleo | Araoz &amp; Rueda Abogados<\/title>\n<meta name=\"description\" content=\"\u00danete a nosotros | En Araoz &amp; rueda participamos en foros y presentaciones en diversas universidades y centros de formaci\u00f3n. A medida que se vayan concretando fechas os iremos informando a trav\u00e9s de esta p\u00e1gina | Araoz &amp; Rueda\" \/>\n<meta name=\"robots\" content=\"index, follow, max-snippet:-1, max-image-preview:large, max-video-preview:-1\" \/>\n<link rel=\"canonical\" href=\"https:\/\/www.araozyrueda.com\/en\/employment-fairs\/\" \/>\n<meta property=\"og:locale\" content=\"en_US\" \/>\n<meta property=\"og:type\" content=\"article\" \/>\n<meta property=\"og:title\" content=\"Foros de Empleo | Araoz &amp; Rueda Abogados\" \/>\n<meta property=\"og:description\" content=\"\u00danete a nosotros | En Araoz &amp; rueda participamos en foros y presentaciones en diversas universidades y centros de formaci\u00f3n. A medida que se vayan concretando fechas os iremos informando a trav\u00e9s de esta p\u00e1gina | Araoz &amp; Rueda\" \/>\n<meta property=\"og:url\" content=\"https:\/\/www.araozyrueda.com\/en\/employment-fairs\/\" \/>\n<meta property=\"og:site_name\" content=\"Araoz &amp; Rueda\" \/>\n<meta property=\"article:modified_time\" content=\"2025-11-11T10:20:43+00:00\" \/>\n<meta property=\"og:image\" content=\"https:\/\/www.araozyrueda.com\/wp-content\/uploads\/2025\/11\/Foros-de-Empleo-Octubre-2025-1024x1024.png\" \/>\n\t<meta property=\"og:image:width\" content=\"1024\" \/>\n\t<meta property=\"og:image:height\" content=\"1024\" \/>\n\t<meta property=\"og:image:type\" content=\"image\/png\" \/>\n<meta name=\"twitter:card\" content=\"summary_large_image\" \/>\n<meta name=\"twitter:label1\" content=\"Est. reading time\" \/>\n\t<meta name=\"twitter:data1\" content=\"1 minute\" \/>\n<script type=\"application\/ld+json\" class=\"yoast-schema-graph\">{\"@context\":\"https:\\\/\\\/schema.org\",\"@graph\":[{\"@type\":\"WebPage\",\"@id\":\"https:\\\/\\\/www.araozyrueda.com\\\/en\\\/employment-fairs\\\/\",\"url\":\"https:\\\/\\\/www.araozyrueda.com\\\/en\\\/employment-fairs\\\/\",\"name\":\"Foros de Empleo | Araoz & Rueda Abogados\",\"isPartOf\":{\"@id\":\"https:\\\/\\\/www.araozyrueda.com\\\/#website\"},\"primaryImageOfPage\":{\"@id\":\"https:\\\/\\\/www.araozyrueda.com\\\/en\\\/employment-fairs\\\/#primaryimage\"},\"image\":{\"@id\":\"https:\\\/\\\/www.araozyrueda.com\\\/en\\\/employment-fairs\\\/#primaryimage\"},\"thumbnailUrl\":\"https:\\\/\\\/www.araozyrueda.com\\\/wp-content\\\/uploads\\\/2025\\\/11\\\/Foros-de-Empleo-Octubre-2025-1024x1024.png\",\"datePublished\":\"2016-06-14T16:36:12+00:00\",\"dateModified\":\"2025-11-11T10:20:43+00:00\",\"description\":\"\u00danete a nosotros | En Araoz & rueda participamos en foros y presentaciones en diversas universidades y centros de formaci\u00f3n. A medida que se vayan concretando fechas os iremos informando a trav\u00e9s de esta p\u00e1gina | Araoz & Rueda\",\"breadcrumb\":{\"@id\":\"https:\\\/\\\/www.araozyrueda.com\\\/en\\\/employment-fairs\\\/#breadcrumb\"},\"inLanguage\":\"en-US\",\"potentialAction\":[{\"@type\":\"ReadAction\",\"target\":[\"https:\\\/\\\/www.araozyrueda.com\\\/en\\\/employment-fairs\\\/\"]}]},{\"@type\":\"ImageObject\",\"inLanguage\":\"en-US\",\"@id\":\"https:\\\/\\\/www.araozyrueda.com\\\/en\\\/employment-fairs\\\/#primaryimage\",\"url\":\"https:\\\/\\\/www.araozyrueda.com\\\/wp-content\\\/uploads\\\/2025\\\/11\\\/Foros-de-Empleo-Octubre-2025-1024x1024.png\",\"contentUrl\":\"https:\\\/\\\/www.araozyrueda.com\\\/wp-content\\\/uploads\\\/2025\\\/11\\\/Foros-de-Empleo-Octubre-2025-1024x1024.png\"},{\"@type\":\"BreadcrumbList\",\"@id\":\"https:\\\/\\\/www.araozyrueda.com\\\/en\\\/employment-fairs\\\/#breadcrumb\",\"itemListElement\":[{\"@type\":\"ListItem\",\"position\":1,\"name\":\"Home\",\"item\":\"https:\\\/\\\/www.araozyrueda.com\\\/en\\\/\"},{\"@type\":\"ListItem\",\"position\":2,\"name\":\"Employment fairs\"}]},{\"@type\":\"WebSite\",\"@id\":\"https:\\\/\\\/www.araozyrueda.com\\\/#website\",\"url\":\"https:\\\/\\\/www.araozyrueda.com\\\/\",\"name\":\"Araoz &amp; Rueda\",\"description\":\"Abogados expertos en Fusiones y Adquisiciones y Capital Riesgo\",\"potentialAction\":[{\"@type\":\"SearchAction\",\"target\":{\"@type\":\"EntryPoint\",\"urlTemplate\":\"https:\\\/\\\/www.araozyrueda.com\\\/?s={search_term_string}\"},\"query-input\":{\"@type\":\"PropertyValueSpecification\",\"valueRequired\":true,\"valueName\":\"search_term_string\"}}],\"inLanguage\":\"en-US\"}]}<\/script>\n<!-- \/ Yoast SEO plugin. -->","yoast_head_json":{"title":"Foros de Empleo | Araoz & Rueda Abogados","description":"\u00danete a nosotros | En Araoz & rueda participamos en foros y presentaciones en diversas universidades y centros de formaci\u00f3n. A medida que se vayan concretando fechas os iremos informando a trav\u00e9s de esta p\u00e1gina | Araoz & Rueda","robots":{"index":"index","follow":"follow","max-snippet":"max-snippet:-1","max-image-preview":"max-image-preview:large","max-video-preview":"max-video-preview:-1"},"canonical":"https:\/\/www.araozyrueda.com\/en\/employment-fairs\/","og_locale":"en_US","og_type":"article","og_title":"Foros de Empleo | Araoz & Rueda Abogados","og_description":"\u00danete a nosotros | En Araoz & rueda participamos en foros y presentaciones en diversas universidades y centros de formaci\u00f3n. A medida que se vayan concretando fechas os iremos informando a trav\u00e9s de esta p\u00e1gina | Araoz & Rueda","og_url":"https:\/\/www.araozyrueda.com\/en\/employment-fairs\/","og_site_name":"Araoz &amp; Rueda","article_modified_time":"2025-11-11T10:20:43+00:00","og_image":[{"width":1024,"height":1024,"url":"https:\/\/www.araozyrueda.com\/wp-content\/uploads\/2025\/11\/Foros-de-Empleo-Octubre-2025-1024x1024.png","type":"image\/png"}],"twitter_card":"summary_large_image","twitter_misc":{"Est. reading time":"1 minute"},"schema":{"@context":"https:\/\/schema.org","@graph":[{"@type":"WebPage","@id":"https:\/\/www.araozyrueda.com\/en\/employment-fairs\/","url":"https:\/\/www.araozyrueda.com\/en\/employment-fairs\/","name":"Foros de Empleo | Araoz & Rueda Abogados","isPartOf":{"@id":"https:\/\/www.araozyrueda.com\/#website"},"primaryImageOfPage":{"@id":"https:\/\/www.araozyrueda.com\/en\/employment-fairs\/#primaryimage"},"image":{"@id":"https:\/\/www.araozyrueda.com\/en\/employment-fairs\/#primaryimage"},"thumbnailUrl":"https:\/\/www.araozyrueda.com\/wp-content\/uploads\/2025\/11\/Foros-de-Empleo-Octubre-2025-1024x1024.png","datePublished":"2016-06-14T16:36:12+00:00","dateModified":"2025-11-11T10:20:43+00:00","description":"\u00danete a nosotros | En Araoz & rueda participamos en foros y presentaciones en diversas universidades y centros de formaci\u00f3n. A medida que se vayan concretando fechas os iremos informando a trav\u00e9s de esta p\u00e1gina | Araoz & Rueda","breadcrumb":{"@id":"https:\/\/www.araozyrueda.com\/en\/employment-fairs\/#breadcrumb"},"inLanguage":"en-US","potentialAction":[{"@type":"ReadAction","target":["https:\/\/www.araozyrueda.com\/en\/employment-fairs\/"]}]},{"@type":"ImageObject","inLanguage":"en-US","@id":"https:\/\/www.araozyrueda.com\/en\/employment-fairs\/#primaryimage","url":"https:\/\/www.araozyrueda.com\/wp-content\/uploads\/2025\/11\/Foros-de-Empleo-Octubre-2025-1024x1024.png","contentUrl":"https:\/\/www.araozyrueda.com\/wp-content\/uploads\/2025\/11\/Foros-de-Empleo-Octubre-2025-1024x1024.png"},{"@type":"BreadcrumbList","@id":"https:\/\/www.araozyrueda.com\/en\/employment-fairs\/#breadcrumb","itemListElement":[{"@type":"ListItem","position":1,"name":"Home","item":"https:\/\/www.araozyrueda.com\/en\/"},{"@type":"ListItem","position":2,"name":"Employment fairs"}]},{"@type":"WebSite","@id":"https:\/\/www.araozyrueda.com\/#website","url":"https:\/\/www.araozyrueda.com\/","name":"Araoz &amp; Rueda","description":"Abogados expertos en Fusiones y Adquisiciones y Capital Riesgo","potentialAction":[{"@type":"SearchAction","target":{"@type":"EntryPoint","urlTemplate":"https:\/\/www.araozyrueda.com\/?s={search_term_string}"},"query-input":{"@type":"PropertyValueSpecification","valueRequired":true,"valueName":"search_term_string"}}],"inLanguage":"en-US"}]}},"_links":{"self":[{"href":"https:\/\/www.araozyrueda.com\/en\/wp-json\/wp\/v2\/pages\/5055","targetHints":{"allow":["GET"]}}],"collection":[{"href":"https:\/\/www.araozyrueda.com\/en\/wp-json\/wp\/v2\/pages"}],"about":[{"href":"https:\/\/www.araozyrueda.com\/en\/wp-json\/wp\/v2\/types\/page"}],"author":[{"embeddable":true,"href":"https:\/\/www.araozyrueda.com\/en\/wp-json\/wp\/v2\/users\/5"}],"replies":[{"embeddable":true,"href":"https:\/\/www.araozyrueda.com\/en\/wp-json\/wp\/v2\/comments?post=5055"}],"version-history":[{"count":32,"href":"https:\/\/www.araozyrueda.com\/en\/wp-json\/wp\/v2\/pages\/5055\/revisions"}],"predecessor-version":[{"id":38040,"href":"https:\/\/www.araozyrueda.com\/en\/wp-json\/wp\/v2\/pages\/5055\/revisions\/38040"}],"wp:attachment":[{"href":"https:\/\/www.araozyrueda.com\/en\/wp-json\/wp\/v2\/media?parent=5055"}],"curies":[{"name":"wp","href":"https:\/\/api.w.org\/{rel}","templated":true}]}}