{"id":32034,"date":"2023-03-16T15:16:20","date_gmt":"2023-03-16T15:16:20","guid":{"rendered":"https:\/\/www.araozyrueda.com\/asociados\/"},"modified":"2024-06-24T11:52:12","modified_gmt":"2024-06-24T11:52:12","slug":"asociates","status":"publish","type":"page","link":"https:\/\/www.araozyrueda.com\/en\/asociates\/","title":{"rendered":"Asociates"},"content":{"rendered":"\t\t<div data-elementor-type=\"wp-page\" data-elementor-id=\"32034\" class=\"elementor elementor-32034 elementor-31535\" data-elementor-post-type=\"page\">\n\t\t\t\t\t\t<section class=\"elementor-section elementor-top-section elementor-element elementor-element-49ee6d5 elementor-section-height-min-height elementor-section-items-top elementor-section-boxed elementor-section-height-default\" data-id=\"49ee6d5\" data-element_type=\"section\" data-e-type=\"section\" data-settings=\"{&quot;jet_parallax_layout_list&quot;:[{&quot;jet_parallax_layout_image&quot;:{&quot;url&quot;:&quot;&quot;,&quot;id&quot;:&quot;&quot;,&quot;size&quot;:&quot;&quot;},&quot;_id&quot;:&quot;e7c58f4&quot;,&quot;jet_parallax_layout_image_tablet&quot;:{&quot;url&quot;:&quot;&quot;,&quot;id&quot;:&quot;&quot;,&quot;size&quot;:&quot;&quot;},&quot;jet_parallax_layout_image_mobile&quot;:{&quot;url&quot;:&quot;&quot;,&quot;id&quot;:&quot;&quot;,&quot;size&quot;:&quot;&quot;},&quot;jet_parallax_layout_speed&quot;:{&quot;unit&quot;:&quot;%&quot;,&quot;size&quot;:50,&quot;sizes&quot;:[]},&quot;jet_parallax_layout_type&quot;:&quot;scroll&quot;,&quot;jet_parallax_layout_direction&quot;:&quot;1&quot;,&quot;jet_parallax_layout_fx_direction&quot;:null,&quot;jet_parallax_layout_z_index&quot;:&quot;&quot;,&quot;jet_parallax_layout_bg_x&quot;:50,&quot;jet_parallax_layout_bg_x_tablet&quot;:&quot;&quot;,&quot;jet_parallax_layout_bg_x_mobile&quot;:&quot;&quot;,&quot;jet_parallax_layout_bg_y&quot;:50,&quot;jet_parallax_layout_bg_y_tablet&quot;:&quot;&quot;,&quot;jet_parallax_layout_bg_y_mobile&quot;:&quot;&quot;,&quot;jet_parallax_layout_bg_size&quot;:&quot;auto&quot;,&quot;jet_parallax_layout_bg_size_tablet&quot;:&quot;&quot;,&quot;jet_parallax_layout_bg_size_mobile&quot;:&quot;&quot;,&quot;jet_parallax_layout_animation_prop&quot;:&quot;transform&quot;,&quot;jet_parallax_layout_on&quot;:[&quot;desktop&quot;,&quot;tablet&quot;]}]}\">\n\t\t\t\t\t\t<div class=\"elementor-container elementor-column-gap-default\">\n\t\t\t\t\t<div class=\"elementor-column elementor-col-100 elementor-top-column elementor-element elementor-element-37c8fd3\" data-id=\"37c8fd3\" data-element_type=\"column\" data-e-type=\"column\">\n\t\t\t<div class=\"elementor-widget-wrap elementor-element-populated\">\n\t\t\t\t\t\t<div class=\"elementor-element elementor-element-14a5f36 elementor-grid-4 elementor-posts--thumbnail-top elementor-grid-tablet-2 elementor-grid-mobile-1 elementor-widget elementor-widget-posts\" data-id=\"14a5f36\" data-element_type=\"widget\" data-e-type=\"widget\" data-settings=\"{&quot;custom_columns&quot;:&quot;4&quot;,&quot;custom_columns_tablet&quot;:&quot;2&quot;,&quot;custom_columns_mobile&quot;:&quot;1&quot;,&quot;custom_row_gap&quot;:{&quot;unit&quot;:&quot;px&quot;,&quot;size&quot;:35,&quot;sizes&quot;:[]},&quot;custom_row_gap_tablet&quot;:{&quot;unit&quot;:&quot;px&quot;,&quot;size&quot;:&quot;&quot;,&quot;sizes&quot;:[]},&quot;custom_row_gap_mobile&quot;:{&quot;unit&quot;:&quot;px&quot;,&quot;size&quot;:&quot;&quot;,&quot;sizes&quot;:[]}}\" data-widget_type=\"posts.custom\">\n\t\t\t\t<div class=\"elementor-widget-container\">\n\t\t\t\t\t      <div class=\"ecs-posts elementor-posts-container elementor-posts   elementor-grid elementor-posts--skin-custom\" data-settings=\"{&quot;current_page&quot;:1,&quot;max_num_pages&quot;:0,&quot;load_method&quot;:&quot;&quot;,&quot;widget_id&quot;:&quot;14a5f36&quot;,&quot;post_id&quot;:32034,&quot;theme_id&quot;:32034,&quot;change_url&quot;:false,&quot;reinit_js&quot;:false}\">\n      <div class=\"elementor-posts-nothing-found\"><\/div>\t\t<\/div>\n\t\t\t\t\t\t<\/div>\n\t\t\t\t<\/div>\n\t\t\t\t\t<\/div>\n\t\t<\/div>\n\t\t\t\t\t<\/div>\n\t\t<\/section>\n\t\t\t\t<\/div>\n\t\t","protected":false},"excerpt":{"rendered":"","protected":false},"author":4,"featured_media":0,"parent":0,"menu_order":86,"comment_status":"closed","ping_status":"closed","template":"","meta":{"_acf_changed":false,"footnotes":""},"class_list":["post-32034","page","type-page","status-publish","hentry"],"acf":[],"yoast_head":"<!-- This site is optimized with the Yoast SEO plugin v27.3 - https:\/\/yoast.com\/product\/yoast-seo-wordpress\/ -->\n<title>Equipo | Araoz &amp; Rueda Abogados<\/title>\n<meta name=\"description\" content=\"En Araoz &amp; Rueda contamos con un equipo de abogados orientados totalmente a la satisfacci\u00f3n y superaci\u00f3n de las expectativas de nuestros clientes. La gran mayor\u00eda de nuestros abogados poseen una acreditada experiencia y formaci\u00f3n jur\u00eddica internacional.\" \/>\n<meta name=\"robots\" content=\"index, follow, max-snippet:-1, max-image-preview:large, max-video-preview:-1\" \/>\n<link rel=\"canonical\" href=\"https:\/\/www.araozyrueda.com\/en\/asociates\/\" \/>\n<meta property=\"og:locale\" content=\"en_US\" \/>\n<meta property=\"og:type\" content=\"article\" \/>\n<meta property=\"og:title\" content=\"Equipo | Araoz &amp; Rueda Abogados\" \/>\n<meta property=\"og:description\" content=\"En Araoz &amp; Rueda contamos con un equipo de abogados orientados totalmente a la satisfacci\u00f3n y superaci\u00f3n de las expectativas de nuestros clientes. La gran mayor\u00eda de nuestros abogados poseen una acreditada experiencia y formaci\u00f3n jur\u00eddica internacional.\" \/>\n<meta property=\"og:url\" content=\"https:\/\/www.araozyrueda.com\/en\/asociates\/\" \/>\n<meta property=\"og:site_name\" content=\"Araoz &amp; Rueda\" \/>\n<meta property=\"article:modified_time\" content=\"2024-06-24T11:52:12+00:00\" \/>\n<meta name=\"twitter:card\" content=\"summary_large_image\" \/>\n<script type=\"application\/ld+json\" class=\"yoast-schema-graph\">{\"@context\":\"https:\\\/\\\/schema.org\",\"@graph\":[{\"@type\":\"WebPage\",\"@id\":\"https:\\\/\\\/www.araozyrueda.com\\\/en\\\/asociates\\\/\",\"url\":\"https:\\\/\\\/www.araozyrueda.com\\\/en\\\/asociates\\\/\",\"name\":\"Equipo | Araoz & Rueda Abogados\",\"isPartOf\":{\"@id\":\"https:\\\/\\\/www.araozyrueda.com\\\/#website\"},\"datePublished\":\"2023-03-16T15:16:20+00:00\",\"dateModified\":\"2024-06-24T11:52:12+00:00\",\"description\":\"En Araoz & Rueda contamos con un equipo de abogados orientados totalmente a la satisfacci\u00f3n y superaci\u00f3n de las expectativas de nuestros clientes. La gran mayor\u00eda de nuestros abogados poseen una acreditada experiencia y formaci\u00f3n jur\u00eddica internacional.\",\"breadcrumb\":{\"@id\":\"https:\\\/\\\/www.araozyrueda.com\\\/en\\\/asociates\\\/#breadcrumb\"},\"inLanguage\":\"en-US\",\"potentialAction\":[{\"@type\":\"ReadAction\",\"target\":[\"https:\\\/\\\/www.araozyrueda.com\\\/en\\\/asociates\\\/\"]}]},{\"@type\":\"BreadcrumbList\",\"@id\":\"https:\\\/\\\/www.araozyrueda.com\\\/en\\\/asociates\\\/#breadcrumb\",\"itemListElement\":[{\"@type\":\"ListItem\",\"position\":1,\"name\":\"Home\",\"item\":\"https:\\\/\\\/www.araozyrueda.com\\\/en\\\/\"},{\"@type\":\"ListItem\",\"position\":2,\"name\":\"Asociates\"}]},{\"@type\":\"WebSite\",\"@id\":\"https:\\\/\\\/www.araozyrueda.com\\\/#website\",\"url\":\"https:\\\/\\\/www.araozyrueda.com\\\/\",\"name\":\"Araoz &amp; Rueda\",\"description\":\"Abogados expertos en Fusiones y Adquisiciones y Capital Riesgo\",\"potentialAction\":[{\"@type\":\"SearchAction\",\"target\":{\"@type\":\"EntryPoint\",\"urlTemplate\":\"https:\\\/\\\/www.araozyrueda.com\\\/?s={search_term_string}\"},\"query-input\":{\"@type\":\"PropertyValueSpecification\",\"valueRequired\":true,\"valueName\":\"search_term_string\"}}],\"inLanguage\":\"en-US\"}]}<\/script>\n<!-- \/ Yoast SEO plugin. -->","yoast_head_json":{"title":"Equipo | Araoz & Rueda Abogados","description":"En Araoz & Rueda contamos con un equipo de abogados orientados totalmente a la satisfacci\u00f3n y superaci\u00f3n de las expectativas de nuestros clientes. La gran mayor\u00eda de nuestros abogados poseen una acreditada experiencia y formaci\u00f3n jur\u00eddica internacional.","robots":{"index":"index","follow":"follow","max-snippet":"max-snippet:-1","max-image-preview":"max-image-preview:large","max-video-preview":"max-video-preview:-1"},"canonical":"https:\/\/www.araozyrueda.com\/en\/asociates\/","og_locale":"en_US","og_type":"article","og_title":"Equipo | Araoz & Rueda Abogados","og_description":"En Araoz & Rueda contamos con un equipo de abogados orientados totalmente a la satisfacci\u00f3n y superaci\u00f3n de las expectativas de nuestros clientes. La gran mayor\u00eda de nuestros abogados poseen una acreditada experiencia y formaci\u00f3n jur\u00eddica internacional.","og_url":"https:\/\/www.araozyrueda.com\/en\/asociates\/","og_site_name":"Araoz &amp; Rueda","article_modified_time":"2024-06-24T11:52:12+00:00","twitter_card":"summary_large_image","schema":{"@context":"https:\/\/schema.org","@graph":[{"@type":"WebPage","@id":"https:\/\/www.araozyrueda.com\/en\/asociates\/","url":"https:\/\/www.araozyrueda.com\/en\/asociates\/","name":"Equipo | Araoz & Rueda Abogados","isPartOf":{"@id":"https:\/\/www.araozyrueda.com\/#website"},"datePublished":"2023-03-16T15:16:20+00:00","dateModified":"2024-06-24T11:52:12+00:00","description":"En Araoz & Rueda contamos con un equipo de abogados orientados totalmente a la satisfacci\u00f3n y superaci\u00f3n de las expectativas de nuestros clientes. La gran mayor\u00eda de nuestros abogados poseen una acreditada experiencia y formaci\u00f3n jur\u00eddica internacional.","breadcrumb":{"@id":"https:\/\/www.araozyrueda.com\/en\/asociates\/#breadcrumb"},"inLanguage":"en-US","potentialAction":[{"@type":"ReadAction","target":["https:\/\/www.araozyrueda.com\/en\/asociates\/"]}]},{"@type":"BreadcrumbList","@id":"https:\/\/www.araozyrueda.com\/en\/asociates\/#breadcrumb","itemListElement":[{"@type":"ListItem","position":1,"name":"Home","item":"https:\/\/www.araozyrueda.com\/en\/"},{"@type":"ListItem","position":2,"name":"Asociates"}]},{"@type":"WebSite","@id":"https:\/\/www.araozyrueda.com\/#website","url":"https:\/\/www.araozyrueda.com\/","name":"Araoz &amp; Rueda","description":"Abogados expertos en Fusiones y Adquisiciones y Capital Riesgo","potentialAction":[{"@type":"SearchAction","target":{"@type":"EntryPoint","urlTemplate":"https:\/\/www.araozyrueda.com\/?s={search_term_string}"},"query-input":{"@type":"PropertyValueSpecification","valueRequired":true,"valueName":"search_term_string"}}],"inLanguage":"en-US"}]}},"_links":{"self":[{"href":"https:\/\/www.araozyrueda.com\/en\/wp-json\/wp\/v2\/pages\/32034","targetHints":{"allow":["GET"]}}],"collection":[{"href":"https:\/\/www.araozyrueda.com\/en\/wp-json\/wp\/v2\/pages"}],"about":[{"href":"https:\/\/www.araozyrueda.com\/en\/wp-json\/wp\/v2\/types\/page"}],"author":[{"embeddable":true,"href":"https:\/\/www.araozyrueda.com\/en\/wp-json\/wp\/v2\/users\/4"}],"replies":[{"embeddable":true,"href":"https:\/\/www.araozyrueda.com\/en\/wp-json\/wp\/v2\/comments?post=32034"}],"version-history":[{"count":10,"href":"https:\/\/www.araozyrueda.com\/en\/wp-json\/wp\/v2\/pages\/32034\/revisions"}],"predecessor-version":[{"id":34701,"href":"https:\/\/www.araozyrueda.com\/en\/wp-json\/wp\/v2\/pages\/32034\/revisions\/34701"}],"wp:attachment":[{"href":"https:\/\/www.araozyrueda.com\/en\/wp-json\/wp\/v2\/media?parent=32034"}],"curies":[{"name":"wp","href":"https:\/\/api.w.org\/{rel}","templated":true}]}}